
{"id":130,"date":"2021-11-02T00:58:01","date_gmt":"2021-11-01T23:58:01","guid":{"rendered":"https:\/\/tinu.lveditor.ch\/?page_id=78"},"modified":"2023-06-28T05:09:38","modified_gmt":"2023-06-28T05:09:38","slug":"zugang","status":"publish","type":"page","link":"https:\/\/devis.velux.ch\/?page_id=130","title":{"rendered":"Zugang"},"content":{"rendered":"\n<p>Mit sofortiger Freischaltung anhand Ihrer Email-Adresse<\/p>\n\n\n\n<p><strong><!--noptimize--><div class=\"rmagic rm_theme_default rm_layout_label_top\"><style><\/style><style><\/style><div class=\"rmcontent\"><pre class='rm-pre-wrapper-for-script-tags'><script>\n        \n   \/*form specific onload functionality*\/\njQuery(document).ready(function () {\nif(jQuery(\"#form_3_1 [name='rm_payment_method']\").length>0 && jQuery(\"#form_3_1 [name='rm_payment_method']:checked\").val()=='stripe'){jQuery('#rm_stripe_fields_container_3_1').show();}\n\n    jQuery('[data-rm-unique=\"1\"]').change(function(event) {\n        rm_unique_field_check(jQuery(this));\n    });\n    \n   });\n                \nif (typeof window['rm_multipage'] == 'undefined') {\n\n    rm_multipage = {\n        global_page_no_form_3_1: 1\n    };\n\n}\nelse\n rm_multipage.global_page_no_form_3_1 = 1;\n\nfunction gotonext_form_3_1(){\n        \/* Making sure action attribute is empty *\/\n        jQuery(\"form.rmagic-form\").attr(\"action\",\"\");\n        var maxpage = 1 ;\n                jQuery.validator.setDefaults({errorClass: 'rm-form-field-invalid-msg',\r\n                                        ignore:':hidden,.ignore,:not(:visible),.rm_untouched',wrapper:'div',\r\n                                       errorPlacement: function(error, element) {\r\n                                                            \/\/error.appendTo(element.closest('.rminput'));\r\n                                                            error.appendTo(element.closest('div'));\r\n                                                          },\r\n                                      rules: {        \r\n        password: {\r\n            required: true,\r\n            minlength: 7\r\n        },\r\n        password_confirmation: {\r\n            required: true,\r\n            equalTo: \"#rm_reg_form_pw_3_1\"\r\n        },\r\n        email_confirmation: {\r\n            required: true,\r\n            equalTo: \"#rm_reg_form_email_3_1\"\r\n        }\r\n            },\r\n        messages: {\r\n        password_confirmation: {\r\n            equalTo: \"Die zwei Passw\u00f6rter stimmen nicht \u00fcberein\"\r\n        },\r\n        email_confirmation: {\r\n            equalTo: \"Die beiden Emails sind nicht identisch\"\r\n        }\r\n            }\r\n                                    });        \n        \n        var jq_prev_button = jQuery(\"#rm_prev_form_page_button_3_1\");\n        var jq_next_button = jQuery(\"#rm_next_form_page_button_3_1\");\n        \n        var next_label = jq_next_button.data(\"label-next\");\n        var payment_method = jQuery('[name=rm_payment_method]:checked').val();\n        var form_object= jQuery(\"#rm_form_page_form_3_1_\"+rm_multipage.global_page_no_form_3_1).closest(\"form\");\n        var submit_btn= form_object.find(\"[type=submit]:not(.rm_noscript_btn)\");\n        var sub_label = submit_btn.data(\"label-sub\");\n        form_object.find('input.rm_price_field_quantity').each(function() {\n            if(typeof jQuery(this).attr('min') == 'undefined') {\n                jQuery(this).attr('min', 0);\n            }\n        });\n        if(form_object.find('.rm_privacy_cb').is(':visible') && !form_object.find('.rm_privacy_cb').prop('checked')){\n             \/\/form_object.find('.rm_privacy_cb').trigger('change');\n             form_object.find('.rm_privacy_cb').focus();\n             form_object.find('.rm_privacy_cb').parent().parent().siblings('div.rm-form-error-message').show();\n             return false;\n        } \n        if(typeof payment_method == 'undefined' || payment_method != 'stripe')\n        {            \n            elements_to_validate = jQuery(\"#rm_form_page_form_3_1_\"+rm_multipage.global_page_no_form_3_1+\" :input\").not('#rm_stripe_fields_container_3_1 :input');\n        }\n        else\n            var elements_to_validate = jQuery(\"#rm_form_page_form_3_1_\"+rm_multipage.global_page_no_form_3_1+\" :input\");\n        \n        \n        if(elements_to_validate.length > 0)\n        {\n            var valid = elements_to_validate.valid();  \n            elements_to_validate.each(function(){\n            var if_mobile= jQuery(this).attr('data-mobile-intel-field');\n                if(if_mobile){\n                    var tel_error= rm_toggle_tel_error(jQuery(this).intlTelInput('isValidNumber'),jQuery(this),jQuery(this).data('error-message'));\n                    if(tel_error){\n                        valid= false;\n                    }\n                    else\n                    {\n                        jQuery(this).val(jQuery(this).intlTelInput('getNumber'));\n                    }\n                }\n            });\n\n            if(!valid)\n            {   \n                setTimeout(function(){ submit_btn.prop('disabled',false); }, 1000);\n                var error_element= jQuery(document).find(\"input.rm-form-field-invalid-msg\")[0];\n                if(error_element){\n                    error_element.focus();\n                }\n                return false;\n            }\n            else{\n                if(maxpage==rm_multipage.global_page_no_form_3_1){\n                    return true;\n                }\n            }\n           \n        } else{\n            if(maxpage==rm_multipage.global_page_no_form_3_1){\n                    return true;\n            }\n        }\n        \n        \/* Server validation for Username and Email field *\/\n        for(var i=0;i<rm_validation_attr.length;i++){\n            var validation_flag= true;\n            jQuery(\"[\" + rm_validation_attr[i] + \"=0]\").each(function(){\n               validation_flag= false;\n               return false;\n            });\n            \n           \n            if(!validation_flag)\n              return;\n        }\n        \n       \n        rm_multipage.global_page_no_form_3_1++;\n        if(rm_multipage.global_page_no_form_3_1>=maxpage){\n            submit_btn.prop('value',sub_label);\n        }\n        else{\n            submit_btn.prop('value','Next');\n        }\n       \n        \/*skip blank form pages*\/\n        \/*while(jQuery(\"#rm_form_page_form_3_1_\"+rm_multipage.global_page_no_form_3_1+\" :input\").length == 0)\n        {\n            if(maxpage <= rm_multipage.global_page_no_form_3_1)\n            {\n                    if(jQuery(\"#rm_form_page_form_3_1_\"+rm_multipage.global_page_no_form_3_1+\" :input\").length == 0){\n                        jq_next_button.prop('type','submit');\n                        jq_prev_button.prop('disabled',true);\n                        return;\n                    }        \n                    else\n                        break;\n            }    \n           rm_multipage.global_page_no_form_3_1++;\t\t       \n        }*\/\n          \t\t\n\tif(rm_multipage.global_page_no_form_3_1 >= maxpage){\n            jq_next_button.attr(\"value\", sub_label);\n        }\n\tif(maxpage < rm_multipage.global_page_no_form_3_1)\n\t{\n\t\trm_multipage.global_page_no_form_3_1 = maxpage;\n\t\tjq_next_button.prop('type','submit');\n                jq_prev_button.prop('disabled',true);\n\t}\n        \n\tjQuery(\".rmformpage_form_3_1\").each(function (){\n        \n\t\tvar visibledivid = \"rm_form_page_form_3_1_\"+rm_multipage.global_page_no_form_3_1;\n\t\tvar current_page= jQuery(this);\n                    if(jQuery(this).attr('id') == visibledivid){\n                        setTimeout(function(){ \/\/ Delaying field show to skip validation for untouched fields\n                            current_page.show();\n                            current_page.find(':input').addClass('rm_untouched');\n                            setTimeout(function(){ current_page.find(':input').removeClass('rm_untouched'); }, 1000);\n                        },100);\n                }\n\t\telse\n                    current_page.hide();  \n        });         \n        \n        jQuery('.rmformpage_form_3_1').find(':input').filter(':visible').eq(0).focus();\n        jQuery('#rmagic-progressbar').animate({\n            scrollTop: (jQuery('.rmformpage_form_3_1').first().offset().top)\n        },500);\n        \n        jQuery('ul#rmagic-progressbar').children('li').each(function(index) {\n            if(!jQuery(this).hasClass('active')) {\n                jQuery(this).addClass('active');\n                return false;\n            }\n        });\n    \n        jq_prev_button.prop('disabled',false);\n        rmInitGoogleApi();\n        \n        setTimeout(function(){ submit_btn.prop('disabled',false); }, 1000);\n        \n        if(jq_prev_button.length > 0 && rm_multipage.global_page_no_form_3_1>=1){\n            jq_prev_button.show();\n        }\n        \n        if(rm_multipage.global_page_no_form_3_1 == maxpage){\n            return false;\n        }\n        \n        if(maxpage=='1'){\n            return true;\n        }\n        return false;\n           \n}\n    <\/script><\/pre><pre class='rm-pre-wrapper-for-script-tags'><script>\nfunction gotoprev_form_3_1(){\n\t\n\tvar maxpage = 1 ;\n        var jq_prev_button = jQuery(\"#rm_prev_form_page_button_3_1\");\n        var jq_next_button = jQuery(\"#rm_next_form_page_button_3_1\");\n        \/\/var sub_label = jq_next_button.data(\"label-sub\");\n        var next_label = jq_next_button.data(\"label-next\");\n        var form_object= jQuery(\"#rm_form_page_form_3_1_\"+rm_multipage.global_page_no_form_3_1).closest(\"form\");\n        var submit_btn= form_object.find(\"[type=submit]:not(.rm_noscript_btn)\");\n        var sub_label = submit_btn.data(\"label-sub\");\n        \/*\n        if(form_object.find('.rm_privacy_cb').is(':visible') && !form_object.find('.rm_privacy_cb').prop('checked')){\n            \/\/form_object.find('.rm_privacy_cb').trigger('change');\n            form_object.find('.rm_privacy_cb').focus();\n            form_object.find('.rm_privacy_cb').parent().parent().siblings('div.rm-form-error-message').show();\n            return false;\n        }\n        *\/\n\trm_multipage.global_page_no_form_3_1--;\n        jq_next_button.attr('type','button');        \n        \n        if(maxpage==rm_multipage.global_page_no_form_3_1){\n            submit_btn.prop('value',sub_label);\n        }\n        else{\n            submit_btn.prop('value','Next');\n        }\n        \/*skip blank form pages*\/\n        while(jQuery(\"#rm_form_page_form_3_1_\"+rm_multipage.global_page_no_form_3_1+\" :input,.rm-total-price \").length == 0)\n        {\n            if(1 >= rm_multipage.global_page_no_form_3_1)\n            {\n                    if(jQuery(\"#rm_form_page_form_3_1_\"+rm_multipage.global_page_no_form_3_1+\" :input,.rm-total-price \").length == 0){\n                        rm_multipage.global_page_no_form_3_1 = 1;\n                        \/\/jq_prev_button.prop('disabled',true);\n                        return;\n                    }        \n                    else\n                        break;\n            }\n        \n            rm_multipage.global_page_no_form_3_1--;\n        }\n        \n        if(rm_multipage.global_page_no_form_3_1 <= maxpage-1)\n            jq_next_button.attr(\"value\", next_label);\n            \n\tjQuery(\".rmformpage_form_3_1\").each(function (){\n\t\tvar visibledivid = \"rm_form_page_form_3_1_\"+rm_multipage.global_page_no_form_3_1;\n\t\tif(jQuery(this).attr('id') == visibledivid){\n\t\t\tjQuery(this).show();\n                }\n\t\telse\n\t\t\tjQuery(this).hide();\n\t});\n        jQuery('.rmformpage_form_3_1').find(':input').filter(':visible').eq(0).focus();\n        if(rm_multipage.global_page_no_form_3_1 <= 1)\n        {\n            rm_multipage.global_page_no_form_3_1 = 1;\n           \/\/ jq_prev_button.prop('disabled',true);\n        }\n        jQuery('#rmagic-progressbar').animate({\n            scrollTop: (jQuery('.rmformpage_form_3_1').first().offset().top)\n        },500);\n        \n        jQuery('ul#rmagic-progressbar').children('li').each(function(index) {\n            if(!jQuery(this).next().hasClass('active')) {\n                jQuery(this).removeClass('active');\n                return false;\n            }\n        });\n        \n        if(rm_multipage.global_page_no_form_3_1==1){\n            jq_prev_button.hide();\n            submit_btn.prop('disabled',false);\n        }\n}\n         \n<\/script>\n    <script src=\"\/\/www.youtube.com\/player_api\"><\/script>\n    <script>\n    var players = [];\n    function onYouTubePlayerAPIReady() {\n        \/\/ create the global player from the specific iframe (#video)\n        var pre_id = '';\n        jQuery(\".allow-autoplay\").each(function(){\n            if(pre_id!=jQuery(this).attr(\"id\")){\n                players.push(new YT.Player(jQuery(this).attr(\"id\")));\n            }\n            pre_id = jQuery(this).attr(\"id\");\n        });\n    }\n    jQuery(document).ready(function(){\n        var videosArr = [];\n        var pre_id = '';\n        jQuery(\".allow-autoplay\").each(function(i){\n            if(pre_id!=jQuery(this).attr(\"id\")){\n                videosArr[jQuery(this).attr(\"id\")] = i;\n            }\n            pre_id = jQuery(this).attr(\"id\");\n        });\n        jQuery('.buttonarea input').click(function(){\n            setTimeout(function(){\n                jQuery(\".rmformpage_form_3_1\").each(function(){\n                    if(jQuery(this).css('display')=='block'){\n                        var page_video_id= jQuery(this).attr(\"id\");\n                        if(jQuery('#'+page_video_id+' .allow-autoplay').length){\n                            players[videosArr[jQuery('#'+page_video_id+' .allow-autoplay').attr('id')]].playVideo();\n                        }\n                    }\n                });\n            }, 300);\n        });\n    });\n    <\/script> \n   <\/pre><style type=\"text\/css\">label span.required { color: #B94A48; }span.help-inline, span.help-block { color: #888; font-size: .9em; font-style: italic; }<\/style><form novalidate onsubmit=\"return gotonext_form_3_1()\" autocomplete=\"off\"  action id=\"form_3_1\" method=\"post\" class=\"rmagic-form rmagic-form-btn-center form-horizontal\" name=\"rm_form\" number=\"1\" style><fieldset><input type=\"hidden\" name=\"rm_form_sub_id\" value=form_3_1><input type=\"hidden\" name=\"rm_form_sub_no\" value=1><input type=\"hidden\" name=\"rm_cond_hidden_fields\" id=\"rm_cond_hidden_fields\" value=\"\"><div id=\"rm_stat_container\"><div class=\"rmrow\"><div class=\"rmfield\" for=\"form_3_1-element-1\" style=\"\"><label>RM_Stats<\/label><\/div><div class=\"rminput\"><input type=\"text\" name=\"stat_id\" value=\"__uninit\" style=\"display:none\" id=\"form_3_1-element-1\"\/><\/div><\/div><\/div><div class=\"rm-multi-page-form rmformpage_form_3_1\" id=\"rm_form_page_form_3_1_1\"><fieldset class='rmfieldset'><div class=\"rmrow\"><div class=\"rmfield\" for=\"rm_reg_form_email_3_1\" style=\"\"><label>E-Mail (Benutzer)<sup class=\"required\">&nbsp;*<\/sup><\/label><\/div><div class=\"rminput\"><input type=\"email\" name=\"Email_14\" placeholder=\"Ihre E-Mail-Adresse\" class=\"opdEmail\" required value=\"\" id=\"rm_reg_form_email_3_1\"\/><\/div><div class=\"rmnote\"><div class=\"rmprenote\"><\/div><div class=\"rmnotecontent\">An Ihre Email wird im Anschluss gleich ein Passwort-Link gesendet und Sie k\u00f6nnen \u00fcber Ihr Email jederzeit einloggen und im LV-Editor weiter arbeiten<\/div><\/div><\/div><div class=\"rmrow\"><div class=\"rmfield\" for=\"rm_reg_form_pw_3_1\" style=\"\"><label>Passwort<sup class=\"required\">&nbsp;*<\/sup><\/label><\/div><div class=\"rminput\"><input type=\"password\" name=\"pwd\" placeholder=\"Ihr Passwort\" class=\"opdPassword\" required value=\"\" id=\"rm_reg_form_pw_3_1\" minlength=\"7\"\/><\/div><div class=\"rmnote\"><div class=\"rmprenote\"><\/div><div class=\"rmnotecontent\">Das Passwort muss mindestens 7 Zeichen lang sein.<\/div><\/div><\/div><div class=\"rmrow\"><div class=\"rmfield\" for=\"rm_reg_form_pw_reentry\" style=\"\"><label>Enter password again<sup class=\"required\">&nbsp;*<\/sup><\/label><\/div><div class=\"rminput\"><input type=\"password\" name=\"password_confirmation\" placeholder=\"Repeat your password\" class=\"opdPassword\" required value=\"\" id=\"rm_reg_form_pw_reentry\"\/><\/div><div class=\"rmnote\"><div class=\"rmprenote\"><\/div><div class=\"rmnotecontent\">Das Passwort muss mindestens 7 Zeichen lang sein.<\/div><\/div><\/div><div class=\"rmrow\"><div class=\"rmfield\" for=\"form_3_1-element-8\" style=\"\"><label>Name<\/label><\/div><div class=\"rminput\"><input type=\"text\" name=\"Nickname_16\" placeholder=\"Name f\u00fcr Anzeige\" class=\"opdNickname\" required_max_range required_min_range rm_textbox=\"User Input\" field_validation custom_validation value=\"\" id=\"form_3_1-element-8\"\/><\/div><div class=\"rmnote\"><div class=\"rmprenote\"><\/div><div class=\"rmnotecontent\">Ihr gew\u00fcnschter Anzeigename<\/div><\/div><\/div><div class=\"rmrow\"><div class=\"rmfield\" for=\"form_3_1-element-9\" style=\"\"><label>Bedingungen<sup class=\"required\">&nbsp;*<\/sup><\/label><\/div><div class=\"rminput\"><div id='rm_terms_textarea' class='rm_terms_textarea'><textarea  onscroll='' readonly  id='rm_terms_area_Terms_21' class='rm_terms_area'>Die opendevis Ausschreibungstexte sind eine Hilfestellung des jeweiligen Herstellers im Sinne eines Muster. \r\nSie verwenden die Ausschreibungstexte auf eigenes Risiko und sind mit folgendem Haftungsausschluss vollumf\u00e4nglich einverstanden: \r\n\r\n. Die aufgef\u00fchrten Texte sind lediglich Anhaltspunkte f\u00fcr Ausschreibungen, Planung und Kalkulation. Wir leisten nicht Gew\u00e4hr, dass die beschriebenen Texte und Arbeitsfolgen bei individuellen Bauvorhaben zur Anwendung kommen k\u00f6nnen bzw. d\u00fcrfen. \r\n\r\n. Die jeweiligen Besonderheiten des Einzelfalls k\u00f6nnen eine hiervon abweichende Vorgehensweise bzw. Arbeitsfolge erfordern.\r\n\r\n. Die Angaben ersetzen daher nicht die sorgf\u00e4ltige Pr\u00fcfung der Verh\u00e4ltnisse vor Ort und die fachm\u00e4nnische Baustellenbeurteilung, f\u00fcr welche die jeweiligen Hersteller gerne zur Verf\u00fcgung stehen. (siehe Kontaktdaten der Hersteller oder schreiben Sie uns eine Nachricht an info@velux.ch) . Kenntnis \u00fcber die einschl\u00e4gigen Regelwerke setzen wir voraus. \r\n\r\n. Weiter akzeptieren Sie die Katalogdatennutzungsvereinbarung des jeweiligen Herstellers f\u00fcr sein opendevis LV-Editor.\r\n\r\nIhr Login dient lediglich der Verarbeitung und Speicherung der VELUX Ausschreibungstexte.\r\nIhre Daten werden nicht weitergegeben und nicht zur Kontaktaufnahme verwendet.<\/textarea><\/div><div class='rm_terms_checkbox'><input   value='on' type='checkbox' rows=\"5\" name=\"Terms_21\" class=\"opdCheckbox\" required required_max_range required_min_range field_validation custom_validation id=\"form_3_1-element-9\" class='rm_check_box'>Ich bin mit oben genannten Bedingungen einverstanden<\/div><\/div><div class=\"rmnote\"><div class=\"rmprenote\"><\/div><div class=\"rmnotecontent\">Ich bin mit oben genannten Bedingungen einverstanden<\/div><\/div><\/div><\/fieldset><\/div><div class=\"buttonarea\"><input   type=\"submit\" value=\"Link f\u00fcr Freischaltung zusenden\" name=\"rm_sb_btn\" class=\"rm_next_btn rm-btn rm-btn-primary\" data-label-next=\"Next\" data-label-sub=\"Link f\u00fcr Freischaltung zusenden\" style=\"\" id=\"form_3_1-element-12\"\/> <input   type=\"submit\" value=\"Link f\u00fcr Freischaltung zusenden\" name style=\"\" class=\"rm_noscript_btn rm-btn rm-btn-primary\" id=\"form_3_1-element-13\"\/><\/div><\/fieldset><\/form><pre class=\"rm-pre-wrapper-for-script-tags\"><script type=\"text\/javascript\">jQuery(document).ready(function() {\t\tjQuery(\"#form_3_1\").bind(\"submit\", function(){\r\n                        \/\/jQuery(this).find(\"input[name=rm_slug]\").attr(\"value\",jQuery(this).find(\"input[name=submit]\").attr(\"value\"));\r\n\t\t\tjQuery(this).find(\"input[type=submit]\").attr(\"disabled\", \"disabled\"); \r\n\t\t});            \r\n                   \r\n                   jQuery(\"#rm_reg_form_email_3_1\").change(function(){\r\n                   var data = {\r\n                           'action': 'rm_user_exists',\r\n                           'rm_sec_nonce': 'afe54d7795',\r\n                           'rm_slug': 'rm_user_exists',\r\n                           'email': jQuery(this).val(),\r\n                           'attr': 'data-rm-valid-email',\r\n                           'form_id':\"3\"\r\n                   };\r\n                   \r\n                   rm_user_exists(this,rm_ajax_url,data);\r\n                  \r\n                 });\r\n           }); <\/script><\/pre>        <noscript>\r\n            <div class=\"rm-js-disabled\"><b>Note: It looks like JavaScript is disabled in your browser. Some elements of this form may require JavaScript to work properly. If you have trouble submitting the form, try enabling JavaScript momentarily and resubmit. JavaScript settings are usually found in Browser Settings or Browser Developer menu.<\/b><\/div>\r\n            <style>\r\n                .rm_next_btn {display:none !important}\r\n                .rm_noscript_btn {display: block !important}\r\n            <\/style>\r\n        <\/noscript>\r\n    <\/div><\/div><!--\/noptimize--><\/strong><\/p>\n","protected":false},"excerpt":{"rendered":"<p>Mit sofortiger Freischaltung anhand Ihrer Email-Adresse<\/p>\n","protected":false},"author":1,"featured_media":0,"parent":0,"menu_order":0,"comment_status":"closed","ping_status":"closed","template":"","meta":{"footnotes":""},"class_list":["post-130","page","type-page","status-publish","hentry"],"_links":{"self":[{"href":"https:\/\/devis.velux.ch\/index.php?rest_route=\/wp\/v2\/pages\/130","targetHints":{"allow":["GET"]}}],"collection":[{"href":"https:\/\/devis.velux.ch\/index.php?rest_route=\/wp\/v2\/pages"}],"about":[{"href":"https:\/\/devis.velux.ch\/index.php?rest_route=\/wp\/v2\/types\/page"}],"author":[{"embeddable":true,"href":"https:\/\/devis.velux.ch\/index.php?rest_route=\/wp\/v2\/users\/1"}],"replies":[{"embeddable":true,"href":"https:\/\/devis.velux.ch\/index.php?rest_route=%2Fwp%2Fv2%2Fcomments&post=130"}],"version-history":[{"count":2,"href":"https:\/\/devis.velux.ch\/index.php?rest_route=\/wp\/v2\/pages\/130\/revisions"}],"predecessor-version":[{"id":221,"href":"https:\/\/devis.velux.ch\/index.php?rest_route=\/wp\/v2\/pages\/130\/revisions\/221"}],"wp:attachment":[{"href":"https:\/\/devis.velux.ch\/index.php?rest_route=%2Fwp%2Fv2%2Fmedia&parent=130"}],"curies":[{"name":"wp","href":"https:\/\/api.w.org\/{rel}","templated":true}]}}