
{"id":131,"date":"2021-11-22T00:05:40","date_gmt":"2021-11-21T23:05:40","guid":{"rendered":"https:\/\/brunex.lveditor.ch\/?page_id=128"},"modified":"2023-07-15T12:56:41","modified_gmt":"2023-07-15T12:56:41","slug":"datenschutz","status":"publish","type":"page","link":"https:\/\/devis.velux.ch\/?page_id=131","title":{"rendered":"Datenschutz"},"content":{"rendered":"\n<div class=\"wp-block-columns is-layout-flex wp-container-core-columns-is-layout-9d6595d7 wp-block-columns-is-layout-flex\">\n<div class=\"wp-block-column is-layout-flow wp-block-column-is-layout-flow\" style=\"flex-basis:33.33%\">\n<ul class=\"wp-block-list\">\n<li><a href=\"https:\/\/www.velux.ch\/de-ch\/service\" data-type=\"page\" target=\"_blank\" rel=\"noreferrer noopener\">Hilfe &amp; Kontakt<\/a><\/li>\n\n\n\n<li><a href=\"https:\/\/www.velux.ch\/de-ch\/rechtliche-informationen\/rechtliche-hinweise\" data-type=\"page\" target=\"_blank\" rel=\"noreferrer noopener\">Rechtliche Hinweise<\/a><\/li>\n\n\n\n<li><a href=\"https:\/\/www.velux.ch\/de-ch\/rechtliche-informationen\/cookie-richtlinie\" target=\"_blank\" rel=\"noreferrer noopener\">Cookie-Richtlinie<\/a><\/li>\n\n\n\n<li><a href=\"https:\/\/www.velux.ch\/de-ch\/rechtliche-informationen\/impressum\" target=\"_blank\" rel=\"noreferrer noopener\">Impressum<\/a><\/li>\n<\/ul>\n<\/div>\n\n\n\n<div class=\"wp-block-column is-layout-flow wp-block-column-is-layout-flow\" style=\"flex-basis:66.66%\">\n<h2 class=\"text-primary\"><strong>Datenschutzerkl\u00e4rung<\/strong><\/h2>\n<p><span class=\"fontstyle0\">Wir verarbeiten Ihre Daten gem\u00e4ss unserer<\/span> <br \/><a href=\"https:\/\/www.velux.ch\/de-ch\/rechtliche-informationen\/datenschutzerklaerung\" target=\"_blank\" rel=\"noopener\">Datenschutzerkl\u00e4rung<\/a><\/p>\n<\/div>\n<\/div>\n","protected":false},"excerpt":{"rendered":"<p>Datenschutzerkl\u00e4rung Wir verarbeiten Ihre Daten gem\u00e4ss unserer Datenschutzerkl\u00e4rung<\/p>\n","protected":false},"author":1,"featured_media":0,"parent":0,"menu_order":0,"comment_status":"closed","ping_status":"closed","template":"","meta":{"footnotes":""},"class_list":["post-131","page","type-page","status-publish","hentry"],"_links":{"self":[{"href":"https:\/\/devis.velux.ch\/index.php?rest_route=\/wp\/v2\/pages\/131","targetHints":{"allow":["GET"]}}],"collection":[{"href":"https:\/\/devis.velux.ch\/index.php?rest_route=\/wp\/v2\/pages"}],"about":[{"href":"https:\/\/devis.velux.ch\/index.php?rest_route=\/wp\/v2\/types\/page"}],"author":[{"embeddable":true,"href":"https:\/\/devis.velux.ch\/index.php?rest_route=\/wp\/v2\/users\/1"}],"replies":[{"embeddable":true,"href":"https:\/\/devis.velux.ch\/index.php?rest_route=%2Fwp%2Fv2%2Fcomments&post=131"}],"version-history":[{"count":5,"href":"https:\/\/devis.velux.ch\/index.php?rest_route=\/wp\/v2\/pages\/131\/revisions"}],"predecessor-version":[{"id":291,"href":"https:\/\/devis.velux.ch\/index.php?rest_route=\/wp\/v2\/pages\/131\/revisions\/291"}],"wp:attachment":[{"href":"https:\/\/devis.velux.ch\/index.php?rest_route=%2Fwp%2Fv2%2Fmedia&parent=131"}],"curies":[{"name":"wp","href":"https:\/\/api.w.org\/{rel}","templated":true}]}}